{"id":14,"date":"2020-07-20T08:47:06","date_gmt":"2020-07-20T08:47:06","guid":{"rendered":"https:\/\/www.pfingstkirche-radenthein.at\/?page_id=14"},"modified":"2026-01-02T20:10:12","modified_gmt":"2026-01-02T20:10:12","slug":"contact","status":"publish","type":"page","link":"https:\/\/www.pfingstkirche-villach.at\/ro\/contact\/","title":{"rendered":"Contact"},"content":{"rendered":"<div data-elementor-type=\"wp-page\" data-elementor-id=\"14\" class=\"elementor elementor-14\">\n\t\t\t\t\t\t<section class=\"elementor-section elementor-top-section elementor-element elementor-element-8775478 elementor-section-boxed elementor-section-height-default elementor-section-height-default\" data-id=\"8775478\" data-element_type=\"section\" data-e-type=\"section\" data-settings=\"{&quot;background_background&quot;:&quot;classic&quot;}\">\n\t\t\t\t\t\t\t<div class=\"elementor-background-overlay\"><\/div>\n\t\t\t\t\t\t\t<div class=\"elementor-container elementor-column-gap-no\">\n\t\t\t\t\t<div class=\"elementor-column elementor-col-100 elementor-top-column elementor-element elementor-element-baf78e9\" data-id=\"baf78e9\" data-element_type=\"column\" data-e-type=\"column\">\n\t\t\t<div class=\"elementor-widget-wrap elementor-element-populated\">\n\t\t\t\t\t\t<div class=\"elementor-element elementor-element-b3c08ad elementor-widget elementor-widget-heading\" data-id=\"b3c08ad\" data-element_type=\"widget\" data-e-type=\"widget\" data-widget_type=\"heading.default\">\n\t\t\t\t<div class=\"elementor-widget-container\">\n\t\t\t\t\t<h4 class=\"elementor-heading-title elementor-size-medium\">CONTACTEAZ\u0102-NE<\/h4>\t\t\t\t<\/div>\n\t\t\t\t<\/div>\n\t\t\t\t\t<\/div>\n\t\t<\/div>\n\t\t\t\t\t<\/div>\n\t\t<\/section>\n\t\t\t\t<section class=\"elementor-section elementor-top-section elementor-element elementor-element-dfb297c elementor-section-boxed elementor-section-height-default elementor-section-height-default\" data-id=\"dfb297c\" data-element_type=\"section\" data-e-type=\"section\">\n\t\t\t\t\t\t<div class=\"elementor-container elementor-column-gap-no\">\n\t\t\t\t\t<div class=\"elementor-column elementor-col-100 elementor-top-column elementor-element elementor-element-3a0743b\" data-id=\"3a0743b\" data-element_type=\"column\" data-e-type=\"column\">\n\t\t\t<div class=\"elementor-widget-wrap elementor-element-populated\">\n\t\t\t\t\t\t<div class=\"elementor-element elementor-element-e48cf28 elementor-widget elementor-widget-spacer\" data-id=\"e48cf28\" data-element_type=\"widget\" data-e-type=\"widget\" data-widget_type=\"spacer.default\">\n\t\t\t\t<div class=\"elementor-widget-container\">\n\t\t\t\t\t\t\t<div class=\"elementor-spacer\">\n\t\t\t<div class=\"elementor-spacer-inner\"><\/div>\n\t\t<\/div>\n\t\t\t\t\t\t<\/div>\n\t\t\t\t<\/div>\n\t\t\t\t<section class=\"elementor-section elementor-inner-section elementor-element elementor-element-a5c847c elementor-section-boxed elementor-section-height-default elementor-section-height-default\" data-id=\"a5c847c\" data-element_type=\"section\" data-e-type=\"section\">\n\t\t\t\t\t\t<div class=\"elementor-container elementor-column-gap-no\">\n\t\t\t\t\t<div class=\"elementor-column elementor-col-50 elementor-inner-column elementor-element elementor-element-839ca64\" data-id=\"839ca64\" data-element_type=\"column\" data-e-type=\"column\" data-settings=\"{&quot;background_background&quot;:&quot;classic&quot;}\">\n\t\t\t<div class=\"elementor-widget-wrap elementor-element-populated\">\n\t\t\t\t\t<div class=\"elementor-background-overlay\"><\/div>\n\t\t\t\t\t\t<div class=\"elementor-element elementor-element-3cecbe3 elementor-widget__width-auto elementor-widget elementor-widget-heading\" data-id=\"3cecbe3\" data-element_type=\"widget\" data-e-type=\"widget\" data-widget_type=\"heading.default\">\n\t\t\t\t<div class=\"elementor-widget-container\">\n\t\t\t\t\t<h6 class=\"elementor-heading-title elementor-size-default\">Dragoste pentru aproapele<\/h6>\t\t\t\t<\/div>\n\t\t\t\t<\/div>\n\t\t\t\t<div class=\"elementor-element elementor-element-afcd942 elementor-widget__width-auto elementor-widget-divider--view-line elementor-widget elementor-widget-divider\" data-id=\"afcd942\" data-element_type=\"widget\" data-e-type=\"widget\" data-widget_type=\"divider.default\">\n\t\t\t\t<div class=\"elementor-widget-container\">\n\t\t\t\t\t\t\t<div class=\"elementor-divider\">\n\t\t\t<span class=\"elementor-divider-separator\">\n\t\t\t\t\t\t<\/span>\n\t\t<\/div>\n\t\t\t\t\t\t<\/div>\n\t\t\t\t<\/div>\n\t\t\t\t<div class=\"elementor-element elementor-element-438c7b4 elementor-widget elementor-widget-heading\" data-id=\"438c7b4\" data-element_type=\"widget\" data-e-type=\"widget\" data-widget_type=\"heading.default\">\n\t\t\t\t<div class=\"elementor-widget-container\">\n\t\t\t\t\t<h3 class=\"elementor-heading-title elementor-size-default\">Cl\u0103direa noastr\u0103 este deschis\u0103 pentru toat\u0103 lumea!<\/h3>\t\t\t\t<\/div>\n\t\t\t\t<\/div>\n\t\t\t\t\t<\/div>\n\t\t<\/div>\n\t\t\t\t<div class=\"elementor-column elementor-col-25 elementor-inner-column elementor-element elementor-element-003553d\" data-id=\"003553d\" data-element_type=\"column\" data-e-type=\"column\" data-settings=\"{&quot;background_background&quot;:&quot;classic&quot;}\">\n\t\t\t<div class=\"elementor-widget-wrap elementor-element-populated\">\n\t\t\t\t\t\t<div class=\"elementor-element elementor-element-b96ce7f elementor-widget__width-auto elementor-widget elementor-widget-heading\" data-id=\"b96ce7f\" data-element_type=\"widget\" data-e-type=\"widget\" data-widget_type=\"heading.default\">\n\t\t\t\t<div class=\"elementor-widget-container\">\n\t\t\t\t\t<h6 class=\"elementor-heading-title elementor-size-default\">Contact<\/h6>\t\t\t\t<\/div>\n\t\t\t\t<\/div>\n\t\t\t\t<div class=\"elementor-element elementor-element-73623b9 elementor-widget__width-auto elementor-widget-divider--view-line elementor-widget elementor-widget-divider\" data-id=\"73623b9\" data-element_type=\"widget\" data-e-type=\"widget\" data-widget_type=\"divider.default\">\n\t\t\t\t<div class=\"elementor-widget-container\">\n\t\t\t\t\t\t\t<div class=\"elementor-divider\">\n\t\t\t<span class=\"elementor-divider-separator\">\n\t\t\t\t\t\t<\/span>\n\t\t<\/div>\n\t\t\t\t\t\t<\/div>\n\t\t\t\t<\/div>\n\t\t\t\t<div class=\"elementor-element elementor-element-30e903f elementor-widget elementor-widget-heading\" data-id=\"30e903f\" data-element_type=\"widget\" data-e-type=\"widget\" data-widget_type=\"heading.default\">\n\t\t\t\t<div class=\"elementor-widget-container\">\n\t\t\t\t\t<h5 class=\"elementor-heading-title elementor-size-default\">pfingstkirche.villach<\/h5>\t\t\t\t<\/div>\n\t\t\t\t<\/div>\n\t\t\t\t<div class=\"elementor-element elementor-element-7016fa6 elementor-widget elementor-widget-heading\" data-id=\"7016fa6\" data-element_type=\"widget\" data-e-type=\"widget\" data-widget_type=\"heading.default\">\n\t\t\t\t<div class=\"elementor-widget-container\">\n\t\t\t\t\t<h5 class=\"elementor-heading-title elementor-size-default\"><a href=\"#\"> @gmail.com<\/a><\/h5>\t\t\t\t<\/div>\n\t\t\t\t<\/div>\n\t\t\t\t<div class=\"elementor-element elementor-element-0ab38a9 e-grid-align-left elementor-shape-rounded elementor-grid-0 elementor-widget elementor-widget-social-icons\" data-id=\"0ab38a9\" data-element_type=\"widget\" data-e-type=\"widget\" data-widget_type=\"social-icons.default\">\n\t\t\t\t<div class=\"elementor-widget-container\">\n\t\t\t\t\t\t\t<div class=\"elementor-social-icons-wrapper elementor-grid\">\n\t\t\t\t\t\t\t<span class=\"elementor-grid-item\">\n\t\t\t\t\t<a class=\"elementor-icon elementor-social-icon elementor-social-icon-facebook elementor-repeater-item-dc0abb0\" href=\"https:\/\/www.facebook.com\/profile.php?id=100073406307603\" target=\"_blank\">\n\t\t\t\t\t\t<span class=\"elementor-screen-only\">Facebook<\/span>\n\t\t\t\t\t\t<i aria-hidden=\"true\" class=\"fab fa-facebook\"><\/i>\t\t\t\t\t<\/a>\n\t\t\t\t<\/span>\n\t\t\t\t\t<\/div>\n\t\t\t\t\t\t<\/div>\n\t\t\t\t<\/div>\n\t\t\t\t\t<\/div>\n\t\t<\/div>\n\t\t\t\t<div class=\"elementor-column elementor-col-25 elementor-inner-column elementor-element elementor-element-fe8b7a2\" data-id=\"fe8b7a2\" data-element_type=\"column\" data-e-type=\"column\" data-settings=\"{&quot;background_background&quot;:&quot;classic&quot;}\">\n\t\t\t<div class=\"elementor-widget-wrap elementor-element-populated\">\n\t\t\t\t\t\t<div class=\"elementor-element elementor-element-f25d8d2 elementor-widget__width-auto elementor-widget elementor-widget-heading\" data-id=\"f25d8d2\" data-element_type=\"widget\" data-e-type=\"widget\" data-widget_type=\"heading.default\">\n\t\t\t\t<div class=\"elementor-widget-container\">\n\t\t\t\t\t<h6 class=\"elementor-heading-title elementor-size-default\">Loca\u021bie<\/h6>\t\t\t\t<\/div>\n\t\t\t\t<\/div>\n\t\t\t\t<div class=\"elementor-element elementor-element-12cb643 elementor-widget__width-auto elementor-widget-divider--view-line elementor-widget elementor-widget-divider\" data-id=\"12cb643\" data-element_type=\"widget\" data-e-type=\"widget\" data-widget_type=\"divider.default\">\n\t\t\t\t<div class=\"elementor-widget-container\">\n\t\t\t\t\t\t\t<div class=\"elementor-divider\">\n\t\t\t<span class=\"elementor-divider-separator\">\n\t\t\t\t\t\t<\/span>\n\t\t<\/div>\n\t\t\t\t\t\t<\/div>\n\t\t\t\t<\/div>\n\t\t\t\t<div class=\"elementor-element elementor-element-136dd1e elementor-widget elementor-widget-heading\" data-id=\"136dd1e\" data-element_type=\"widget\" data-e-type=\"widget\" data-widget_type=\"heading.default\">\n\t\t\t\t<div class=\"elementor-widget-container\">\n\t\t\t\t\t<h5 class=\"elementor-heading-title elementor-size-default\">Novum Villach<br>\nWerner-Kofler-Strasse 9<br>\n 9500 Villach\n<\/h5>\t\t\t\t<\/div>\n\t\t\t\t<\/div>\n\t\t\t\t\t<\/div>\n\t\t<\/div>\n\t\t\t\t\t<\/div>\n\t\t<\/section>\n\t\t\t\t\t<\/div>\n\t\t<\/div>\n\t\t\t\t\t<\/div>\n\t\t<\/section>\n\t\t\t\t<section class=\"elementor-section elementor-top-section elementor-element elementor-element-172d9f4 elementor-section-boxed elementor-section-height-default elementor-section-height-default\" data-id=\"172d9f4\" data-element_type=\"section\" data-e-type=\"section\" data-settings=\"{&quot;background_background&quot;:&quot;classic&quot;}\">\n\t\t\t\t\t\t\t<div class=\"elementor-background-overlay\"><\/div>\n\t\t\t\t\t\t\t<div class=\"elementor-container elementor-column-gap-no\">\n\t\t\t\t\t<div class=\"elementor-column elementor-col-100 elementor-top-column elementor-element elementor-element-93fed7d\" data-id=\"93fed7d\" data-element_type=\"column\" data-e-type=\"column\">\n\t\t\t<div class=\"elementor-widget-wrap elementor-element-populated\">\n\t\t\t\t\t\t<div class=\"elementor-element elementor-element-f33da59 elementor-widget elementor-widget-google_maps\" data-id=\"f33da59\" data-element_type=\"widget\" data-e-type=\"widget\" data-widget_type=\"google_maps.default\">\n\t\t\t\t<div class=\"elementor-widget-container\">\n\t\t\t\t\t\t\t<div class=\"elementor-custom-embed\">\n\t\t\t<iframe loading=\"lazy\"\n\t\t\t\t\tsrc=\"https:\/\/maps.google.com\/maps?q=Novum%20Villach%2C%20Werner-Kofler-Strasse%209&#038;t=m&#038;z=10&#038;output=embed&#038;iwloc=near\"\n\t\t\t\t\ttitle=\"Novum Villach, Werner-Kofler-Strasse 9\"\n\t\t\t\t\taria-label=\"Novum Villach, Werner-Kofler-Strasse 9\"\n\t\t\t><\/iframe>\n\t\t<\/div>\n\t\t\t\t\t\t<\/div>\n\t\t\t\t<\/div>\n\t\t\t\t\t<\/div>\n\t\t<\/div>\n\t\t\t\t\t<\/div>\n\t\t<\/section>\n\t\t\t\t<section class=\"elementor-section elementor-top-section elementor-element elementor-element-945a5a0 elementor-section-boxed elementor-section-height-default elementor-section-height-default\" data-id=\"945a5a0\" data-element_type=\"section\" data-e-type=\"section\">\n\t\t\t\t\t\t<div class=\"elementor-container elementor-column-gap-default\">\n\t\t\t\t\t<div class=\"elementor-column elementor-col-100 elementor-top-column elementor-element elementor-element-c0d107e\" data-id=\"c0d107e\" data-element_type=\"column\" data-e-type=\"column\">\n\t\t\t<div class=\"elementor-widget-wrap elementor-element-populated\">\n\t\t\t\t\t\t<div class=\"elementor-element elementor-element-f5902fd elementor-widget elementor-widget-heading\" data-id=\"f5902fd\" data-element_type=\"widget\" data-e-type=\"widget\" data-widget_type=\"heading.default\">\n\t\t\t\t<div class=\"elementor-widget-container\">\n\t\t\t\t\t<h2 class=\"elementor-heading-title elementor-size-default\">Dona\u021bii online<\/h2>\t\t\t\t<\/div>\n\t\t\t\t<\/div>\n\t\t\t\t<div class=\"elementor-element elementor-element-695eae7 elementor-widget elementor-widget-text-editor\" data-id=\"695eae7\" data-element_type=\"widget\" data-e-type=\"widget\" data-widget_type=\"text-editor.default\">\n\t\t\t\t<div class=\"elementor-widget-container\">\n\t\t\t\t\t\t\t\t\t<p><strong>Pringstkirche Gemeinde Gottes \u00d6sterreich<\/strong><br \/>IBAN: AT75 3945 7000 0006 8924<br \/>BIC: RZKTAT2K457<\/p>\t\t\t\t\t\t\t\t<\/div>\n\t\t\t\t<\/div>\n\t\t\t\t<div class=\"elementor-element elementor-element-a9851f1 elementor-widget elementor-widget-image\" data-id=\"a9851f1\" data-element_type=\"widget\" data-e-type=\"widget\" data-widget_type=\"image.default\">\n\t\t\t\t<div class=\"elementor-widget-container\">\n\t\t\t\t\t\t\t\t\t\t\t\t\t\t\t<img fetchpriority=\"high\" decoding=\"async\" width=\"300\" height=\"300\" src=\"https:\/\/www.pfingstkirche-villach.at\/wp-content\/uploads\/2026\/01\/6feec853-708b-4737-a20f-f0e063a81104-300x300.jpeg\" class=\"attachment-medium size-medium wp-image-1297\" alt=\"\" srcset=\"https:\/\/www.pfingstkirche-villach.at\/wp-content\/uploads\/2026\/01\/6feec853-708b-4737-a20f-f0e063a81104-300x300.jpeg 300w, https:\/\/www.pfingstkirche-villach.at\/wp-content\/uploads\/2026\/01\/6feec853-708b-4737-a20f-f0e063a81104-150x150.jpeg 150w, https:\/\/www.pfingstkirche-villach.at\/wp-content\/uploads\/2026\/01\/6feec853-708b-4737-a20f-f0e063a81104-768x768.jpeg 768w, https:\/\/www.pfingstkirche-villach.at\/wp-content\/uploads\/2026\/01\/6feec853-708b-4737-a20f-f0e063a81104.jpeg 844w\" sizes=\"(max-width: 300px) 100vw, 300px\" \/>\t\t\t\t\t\t\t\t\t\t\t\t\t\t\t<\/div>\n\t\t\t\t<\/div>\n\t\t\t\t\t<\/div>\n\t\t<\/div>\n\t\t\t\t\t<\/div>\n\t\t<\/section>\n\t\t\t\t<\/div>","protected":false},"excerpt":{"rendered":"<p>KONTAKTIERE UNS N\u00e4chstenliebe Unser Geb\u00e4ude ist offen f\u00fcr alle! Kontakt pfingstkirche.villach @gmail.com Facebook Standort Novum Villach Werner-Kofler-Strasse 9 9500 Villach Online Spenden Pringstkirche Gemeinde Gottes \u00d6sterreichIBAN: AT75 3945 7000 0006 8924BIC: RZKTAT2K457<\/p>","protected":false},"author":1,"featured_media":0,"parent":0,"menu_order":0,"comment_status":"closed","ping_status":"closed","template":"","meta":{"_uag_custom_page_level_css":"","site-sidebar-layout":"no-sidebar","site-content-layout":"page-builder","ast-main-header-display":"","ast-hfb-above-header-display":"","ast-hfb-below-header-display":"","ast-hfb-mobile-header-display":"","site-post-title":"disabled","ast-breadcrumbs-content":"disabled","ast-featured-img":"disabled","footer-sml-layout":"","theme-transparent-header-meta":"enabled","adv-header-id-meta":"","stick-header-meta":"","header-above-stick-meta":"","header-main-stick-meta":"","header-below-stick-meta":"","footnotes":""},"class_list":["post-14","page","type-page","status-publish","hentry"],"yoast_head":"<!-- This site is optimized with the Yoast SEO plugin v27.4 - https:\/\/yoast.com\/product\/yoast-seo-wordpress\/ -->\n<title>Contact - Rum\u00e4nische Pfingstkirche Villach<\/title>\n<meta name=\"description\" content=\"Biserica Rom\u00e2n\u0103 Penticostal\u0103 Villach \u2013 rum\u00e4nische Pfingstkirche in Villach. Gottesdienste, Gemeinschaft, Predigten und Veranstaltungen. To\u021bi sunt bineveni\u021bi.\" \/>\n<meta name=\"robots\" content=\"index, follow, max-snippet:-1, max-image-preview:large, max-video-preview:-1\" \/>\n<link rel=\"canonical\" href=\"https:\/\/www.pfingstkirche-villach.at\/ro\/contact\/\" \/>\n<meta property=\"og:locale\" content=\"ro_RO\" \/>\n<meta property=\"og:type\" content=\"article\" \/>\n<meta property=\"og:title\" content=\"Contact - Rum\u00e4nische Pfingstkirche Villach\" \/>\n<meta property=\"og:description\" content=\"Biserica Rom\u00e2n\u0103 Penticostal\u0103 Villach \u2013 rum\u00e4nische Pfingstkirche in Villach. Gottesdienste, Gemeinschaft, Predigten und Veranstaltungen. To\u021bi sunt bineveni\u021bi.\" \/>\n<meta property=\"og:url\" content=\"https:\/\/www.pfingstkirche-villach.at\/ro\/contact\/\" \/>\n<meta property=\"og:site_name\" content=\"Rum\u00e4nische Pfingstkirche Villach\" \/>\n<meta property=\"article:publisher\" content=\"https:\/\/www.facebook.com\/profile.php?id=100073406307603\" \/>\n<meta property=\"article:modified_time\" content=\"2026-01-02T20:10:12+00:00\" \/>\n<meta property=\"og:image\" content=\"https:\/\/www.pfingstkirche-villach.at\/wp-content\/uploads\/2026\/01\/6feec853-708b-4737-a20f-f0e063a81104-300x300.jpeg\" \/>\n<meta name=\"twitter:card\" content=\"summary_large_image\" \/>\n<script type=\"application\/ld+json\" class=\"yoast-schema-graph\">{\"@context\":\"https:\\\/\\\/schema.org\",\"@graph\":[{\"@type\":\"WebPage\",\"@id\":\"https:\\\/\\\/www.pfingstkirche-villach.at\\\/contact\\\/\",\"url\":\"https:\\\/\\\/www.pfingstkirche-villach.at\\\/contact\\\/\",\"name\":\"Contact - Rum\u00e4nische Pfingstkirche Villach\",\"isPartOf\":{\"@id\":\"https:\\\/\\\/www.pfingstkirche-villach.at\\\/#website\"},\"primaryImageOfPage\":{\"@id\":\"https:\\\/\\\/www.pfingstkirche-villach.at\\\/contact\\\/#primaryimage\"},\"image\":{\"@id\":\"https:\\\/\\\/www.pfingstkirche-villach.at\\\/contact\\\/#primaryimage\"},\"thumbnailUrl\":\"https:\\\/\\\/www.pfingstkirche-villach.at\\\/wp-content\\\/uploads\\\/2026\\\/01\\\/6feec853-708b-4737-a20f-f0e063a81104-300x300.jpeg\",\"datePublished\":\"2020-07-20T08:47:06+00:00\",\"dateModified\":\"2026-01-02T20:10:12+00:00\",\"description\":\"Biserica Rom\u00e2n\u0103 Penticostal\u0103 Villach \u2013 rum\u00e4nische Pfingstkirche in Villach. Gottesdienste, Gemeinschaft, Predigten und Veranstaltungen. To\u021bi sunt bineveni\u021bi.\",\"breadcrumb\":{\"@id\":\"https:\\\/\\\/www.pfingstkirche-villach.at\\\/contact\\\/#breadcrumb\"},\"inLanguage\":\"ro-RO\",\"potentialAction\":[{\"@type\":\"ReadAction\",\"target\":[\"https:\\\/\\\/www.pfingstkirche-villach.at\\\/contact\\\/\"]}]},{\"@type\":\"ImageObject\",\"inLanguage\":\"ro-RO\",\"@id\":\"https:\\\/\\\/www.pfingstkirche-villach.at\\\/contact\\\/#primaryimage\",\"url\":\"https:\\\/\\\/www.pfingstkirche-villach.at\\\/wp-content\\\/uploads\\\/2026\\\/01\\\/6feec853-708b-4737-a20f-f0e063a81104-300x300.jpeg\",\"contentUrl\":\"https:\\\/\\\/www.pfingstkirche-villach.at\\\/wp-content\\\/uploads\\\/2026\\\/01\\\/6feec853-708b-4737-a20f-f0e063a81104-300x300.jpeg\"},{\"@type\":\"BreadcrumbList\",\"@id\":\"https:\\\/\\\/www.pfingstkirche-villach.at\\\/contact\\\/#breadcrumb\",\"itemListElement\":[{\"@type\":\"ListItem\",\"position\":1,\"name\":\"Home\",\"item\":\"https:\\\/\\\/www.pfingstkirche-villach.at\\\/\"},{\"@type\":\"ListItem\",\"position\":2,\"name\":\"Contact\"}]},{\"@type\":\"WebSite\",\"@id\":\"https:\\\/\\\/www.pfingstkirche-villach.at\\\/#website\",\"url\":\"https:\\\/\\\/www.pfingstkirche-villach.at\\\/\",\"name\":\"Pfingstkirche Villach\",\"description\":\"Biserica Rom\u00e2neasc\u0103 Villach\",\"publisher\":{\"@id\":\"https:\\\/\\\/www.pfingstkirche-villach.at\\\/#organization\"},\"alternateName\":\"Rum\u00e4nische Kirche Villach\",\"potentialAction\":[{\"@type\":\"SearchAction\",\"target\":{\"@type\":\"EntryPoint\",\"urlTemplate\":\"https:\\\/\\\/www.pfingstkirche-villach.at\\\/?s={search_term_string}\"},\"query-input\":{\"@type\":\"PropertyValueSpecification\",\"valueRequired\":true,\"valueName\":\"search_term_string\"}}],\"inLanguage\":\"ro-RO\"},{\"@type\":\"Organization\",\"@id\":\"https:\\\/\\\/www.pfingstkirche-villach.at\\\/#organization\",\"name\":\"Pfingstkirche Villach\",\"alternateName\":\"Kirche Gemeinde Gottes Villach\",\"url\":\"https:\\\/\\\/www.pfingstkirche-villach.at\\\/\",\"logo\":{\"@type\":\"ImageObject\",\"inLanguage\":\"ro-RO\",\"@id\":\"https:\\\/\\\/www.pfingstkirche-villach.at\\\/#\\\/schema\\\/logo\\\/image\\\/\",\"url\":\"https:\\\/\\\/www.pfingstkirche-villach.at\\\/wp-content\\\/uploads\\\/2024\\\/02\\\/cropped-LogoPKVillach-removebg-preview.png\",\"contentUrl\":\"https:\\\/\\\/www.pfingstkirche-villach.at\\\/wp-content\\\/uploads\\\/2024\\\/02\\\/cropped-LogoPKVillach-removebg-preview.png\",\"width\":505,\"height\":493,\"caption\":\"Pfingstkirche Villach\"},\"image\":{\"@id\":\"https:\\\/\\\/www.pfingstkirche-villach.at\\\/#\\\/schema\\\/logo\\\/image\\\/\"},\"sameAs\":[\"https:\\\/\\\/www.facebook.com\\\/profile.php?id=100073406307603\"]}]}<\/script>\n<!-- \/ Yoast SEO plugin. -->","yoast_head_json":{"title":"Contact - Rum\u00e4nische Pfingstkirche Villach","description":"Biserica Rom\u00e2n\u0103 Penticostal\u0103 Villach \u2013 rum\u00e4nische Pfingstkirche in Villach. Gottesdienste, Gemeinschaft, Predigten und Veranstaltungen. To\u021bi sunt bineveni\u021bi.","robots":{"index":"index","follow":"follow","max-snippet":"max-snippet:-1","max-image-preview":"max-image-preview:large","max-video-preview":"max-video-preview:-1"},"canonical":"https:\/\/www.pfingstkirche-villach.at\/ro\/contact\/","og_locale":"ro_RO","og_type":"article","og_title":"Contact - Rum\u00e4nische Pfingstkirche Villach","og_description":"Biserica Rom\u00e2n\u0103 Penticostal\u0103 Villach \u2013 rum\u00e4nische Pfingstkirche in Villach. Gottesdienste, Gemeinschaft, Predigten und Veranstaltungen. To\u021bi sunt bineveni\u021bi.","og_url":"https:\/\/www.pfingstkirche-villach.at\/ro\/contact\/","og_site_name":"Rum\u00e4nische Pfingstkirche Villach","article_publisher":"https:\/\/www.facebook.com\/profile.php?id=100073406307603","article_modified_time":"2026-01-02T20:10:12+00:00","og_image":[{"url":"https:\/\/www.pfingstkirche-villach.at\/wp-content\/uploads\/2026\/01\/6feec853-708b-4737-a20f-f0e063a81104-300x300.jpeg","type":"","width":"","height":""}],"twitter_card":"summary_large_image","schema":{"@context":"https:\/\/schema.org","@graph":[{"@type":"WebPage","@id":"https:\/\/www.pfingstkirche-villach.at\/contact\/","url":"https:\/\/www.pfingstkirche-villach.at\/contact\/","name":"Contact - Rum\u00e4nische Pfingstkirche Villach","isPartOf":{"@id":"https:\/\/www.pfingstkirche-villach.at\/#website"},"primaryImageOfPage":{"@id":"https:\/\/www.pfingstkirche-villach.at\/contact\/#primaryimage"},"image":{"@id":"https:\/\/www.pfingstkirche-villach.at\/contact\/#primaryimage"},"thumbnailUrl":"https:\/\/www.pfingstkirche-villach.at\/wp-content\/uploads\/2026\/01\/6feec853-708b-4737-a20f-f0e063a81104-300x300.jpeg","datePublished":"2020-07-20T08:47:06+00:00","dateModified":"2026-01-02T20:10:12+00:00","description":"Biserica Rom\u00e2n\u0103 Penticostal\u0103 Villach \u2013 rum\u00e4nische Pfingstkirche in Villach. Gottesdienste, Gemeinschaft, Predigten und Veranstaltungen. To\u021bi sunt bineveni\u021bi.","breadcrumb":{"@id":"https:\/\/www.pfingstkirche-villach.at\/contact\/#breadcrumb"},"inLanguage":"ro-RO","potentialAction":[{"@type":"ReadAction","target":["https:\/\/www.pfingstkirche-villach.at\/contact\/"]}]},{"@type":"ImageObject","inLanguage":"ro-RO","@id":"https:\/\/www.pfingstkirche-villach.at\/contact\/#primaryimage","url":"https:\/\/www.pfingstkirche-villach.at\/wp-content\/uploads\/2026\/01\/6feec853-708b-4737-a20f-f0e063a81104-300x300.jpeg","contentUrl":"https:\/\/www.pfingstkirche-villach.at\/wp-content\/uploads\/2026\/01\/6feec853-708b-4737-a20f-f0e063a81104-300x300.jpeg"},{"@type":"BreadcrumbList","@id":"https:\/\/www.pfingstkirche-villach.at\/contact\/#breadcrumb","itemListElement":[{"@type":"ListItem","position":1,"name":"Home","item":"https:\/\/www.pfingstkirche-villach.at\/"},{"@type":"ListItem","position":2,"name":"Contact"}]},{"@type":"WebSite","@id":"https:\/\/www.pfingstkirche-villach.at\/#website","url":"https:\/\/www.pfingstkirche-villach.at\/","name":"Biserica Penticostal\u0103 Villach","description":"Biserica Rom\u00e2neasc\u0103 Villach","publisher":{"@id":"https:\/\/www.pfingstkirche-villach.at\/#organization"},"alternateName":"Rum\u00e4nische Kirche Villach","potentialAction":[{"@type":"SearchAction","target":{"@type":"EntryPoint","urlTemplate":"https:\/\/www.pfingstkirche-villach.at\/?s={search_term_string}"},"query-input":{"@type":"PropertyValueSpecification","valueRequired":true,"valueName":"search_term_string"}}],"inLanguage":"ro-RO"},{"@type":"Organization","@id":"https:\/\/www.pfingstkirche-villach.at\/#organization","name":"Biserica Penticostal\u0103 Villach","alternateName":"Kirche Gemeinde Gottes Villach","url":"https:\/\/www.pfingstkirche-villach.at\/","logo":{"@type":"ImageObject","inLanguage":"ro-RO","@id":"https:\/\/www.pfingstkirche-villach.at\/#\/schema\/logo\/image\/","url":"https:\/\/www.pfingstkirche-villach.at\/wp-content\/uploads\/2024\/02\/cropped-LogoPKVillach-removebg-preview.png","contentUrl":"https:\/\/www.pfingstkirche-villach.at\/wp-content\/uploads\/2024\/02\/cropped-LogoPKVillach-removebg-preview.png","width":505,"height":493,"caption":"Pfingstkirche Villach"},"image":{"@id":"https:\/\/www.pfingstkirche-villach.at\/#\/schema\/logo\/image\/"},"sameAs":["https:\/\/www.facebook.com\/profile.php?id=100073406307603"]}]}},"uagb_featured_image_src":{"full":false,"thumbnail":false,"medium":false,"medium_large":false,"large":false,"1536x1536":false,"2048x2048":false,"trp-custom-language-flag":false},"uagb_author_info":{"display_name":"Pfingstkirche Villach","author_link":"https:\/\/www.pfingstkirche-villach.at\/ro\/author\/admin\/"},"uagb_comment_info":0,"uagb_excerpt":"KONTAKTIERE UNS N\u00e4chstenliebe Unser Geb\u00e4ude ist offen f\u00fcr alle! Kontakt pfingstkirche.villach @gmail.com Facebook Standort Novum Villach Werner-Kofler-Strasse 9 9500 Villach Online Spenden Pringstkirche Gemeinde Gottes \u00d6sterreichIBAN: AT75 3945 7000 0006 8924BIC: RZKTAT2K457","_links":{"self":[{"href":"https:\/\/www.pfingstkirche-villach.at\/ro\/wp-json\/wp\/v2\/pages\/14","targetHints":{"allow":["GET"]}}],"collection":[{"href":"https:\/\/www.pfingstkirche-villach.at\/ro\/wp-json\/wp\/v2\/pages"}],"about":[{"href":"https:\/\/www.pfingstkirche-villach.at\/ro\/wp-json\/wp\/v2\/types\/page"}],"author":[{"embeddable":true,"href":"https:\/\/www.pfingstkirche-villach.at\/ro\/wp-json\/wp\/v2\/users\/1"}],"replies":[{"embeddable":true,"href":"https:\/\/www.pfingstkirche-villach.at\/ro\/wp-json\/wp\/v2\/comments?post=14"}],"version-history":[{"count":69,"href":"https:\/\/www.pfingstkirche-villach.at\/ro\/wp-json\/wp\/v2\/pages\/14\/revisions"}],"predecessor-version":[{"id":1303,"href":"https:\/\/www.pfingstkirche-villach.at\/ro\/wp-json\/wp\/v2\/pages\/14\/revisions\/1303"}],"wp:attachment":[{"href":"https:\/\/www.pfingstkirche-villach.at\/ro\/wp-json\/wp\/v2\/media?parent=14"}],"curies":[{"name":"wp","href":"https:\/\/api.w.org\/{rel}","templated":true}]}}