{"id":16,"date":"2020-07-20T08:47:45","date_gmt":"2020-07-20T08:47:45","guid":{"rendered":"https:\/\/www.pfingstkirche-radenthein.at\/?page_id=16"},"modified":"2024-02-28T10:13:28","modified_gmt":"2024-02-28T10:13:28","slug":"services","status":"publish","type":"page","link":"https:\/\/www.pfingstkirche-villach.at\/ro\/services\/","title":{"rendered":"Services"},"content":{"rendered":"<div data-elementor-type=\"wp-page\" data-elementor-id=\"16\" class=\"elementor elementor-16\">\n\t\t\t\t\t\t<section class=\"elementor-section elementor-top-section elementor-element elementor-element-087085f elementor-section-boxed elementor-section-height-default elementor-section-height-default\" data-id=\"087085f\" data-element_type=\"section\" data-e-type=\"section\" data-settings=\"{&quot;background_background&quot;:&quot;classic&quot;}\">\n\t\t\t\t\t\t\t<div class=\"elementor-background-overlay\"><\/div>\n\t\t\t\t\t\t\t<div class=\"elementor-container elementor-column-gap-no\">\n\t\t\t\t\t<div class=\"elementor-column elementor-col-100 elementor-top-column elementor-element elementor-element-f500b0e\" data-id=\"f500b0e\" data-element_type=\"column\" data-e-type=\"column\">\n\t\t\t<div class=\"elementor-widget-wrap elementor-element-populated\">\n\t\t\t\t\t\t<div class=\"elementor-element elementor-element-8b286d3 elementor-widget elementor-widget-heading\" data-id=\"8b286d3\" data-element_type=\"widget\" data-e-type=\"widget\" data-widget_type=\"heading.default\">\n\t\t\t\t<div class=\"elementor-widget-container\">\n\t\t\t\t\t<h1 class=\"elementor-heading-title elementor-size-default\">Galerie<\/h1>\t\t\t\t<\/div>\n\t\t\t\t<\/div>\n\t\t\t\t\t<\/div>\n\t\t<\/div>\n\t\t\t\t\t<\/div>\n\t\t<\/section>\n\t\t\t\t<section class=\"elementor-section elementor-top-section elementor-element elementor-element-a701eaf elementor-section-boxed elementor-section-height-default elementor-section-height-default\" data-id=\"a701eaf\" data-element_type=\"section\" data-e-type=\"section\">\n\t\t\t\t\t\t<div class=\"elementor-container elementor-column-gap-default\">\n\t\t\t\t\t<div class=\"elementor-column elementor-col-100 elementor-top-column elementor-element elementor-element-5330e26\" data-id=\"5330e26\" data-element_type=\"column\" data-e-type=\"column\">\n\t\t\t<div class=\"elementor-widget-wrap elementor-element-populated\">\n\t\t\t\t\t\t<div class=\"elementor-element elementor-element-b306b62 elementor-widget elementor-widget-spacer\" data-id=\"b306b62\" data-element_type=\"widget\" data-e-type=\"widget\" data-widget_type=\"spacer.default\">\n\t\t\t\t<div class=\"elementor-widget-container\">\n\t\t\t\t\t\t\t<div class=\"elementor-spacer\">\n\t\t\t<div class=\"elementor-spacer-inner\"><\/div>\n\t\t<\/div>\n\t\t\t\t\t\t<\/div>\n\t\t\t\t<\/div>\n\t\t\t\t\t<\/div>\n\t\t<\/div>\n\t\t\t\t\t<\/div>\n\t\t<\/section>\n\t\t\t\t<section class=\"elementor-section elementor-top-section elementor-element elementor-element-55d444a elementor-section-boxed elementor-section-height-default elementor-section-height-default\" data-id=\"55d444a\" data-element_type=\"section\" data-e-type=\"section\">\n\t\t\t\t\t\t<div class=\"elementor-container elementor-column-gap-default\">\n\t\t\t\t\t<div class=\"elementor-column elementor-col-33 elementor-top-column elementor-element elementor-element-7e8de63\" data-id=\"7e8de63\" data-element_type=\"column\" data-e-type=\"column\">\n\t\t\t<div class=\"elementor-widget-wrap elementor-element-populated\">\n\t\t\t\t\t\t<div class=\"elementor-element elementor-element-2ff3b85 elementor-widget elementor-widget-image\" data-id=\"2ff3b85\" data-element_type=\"widget\" data-e-type=\"widget\" data-widget_type=\"image.default\">\n\t\t\t\t<div class=\"elementor-widget-container\">\n\t\t\t\t\t\t\t\t\t\t\t\t\t\t\t<img fetchpriority=\"high\" decoding=\"async\" width=\"768\" height=\"512\" src=\"https:\/\/www.pfingstkirche-villach.at\/wp-content\/uploads\/2022\/01\/camera-4613669_1920-768x512.jpg\" class=\"attachment-medium_large size-medium_large wp-image-903\" alt=\"\" srcset=\"https:\/\/www.pfingstkirche-villach.at\/wp-content\/uploads\/2022\/01\/camera-4613669_1920-768x512.jpg 768w, https:\/\/www.pfingstkirche-villach.at\/wp-content\/uploads\/2022\/01\/camera-4613669_1920-300x200.jpg 300w, https:\/\/www.pfingstkirche-villach.at\/wp-content\/uploads\/2022\/01\/camera-4613669_1920-1024x683.jpg 1024w, https:\/\/www.pfingstkirche-villach.at\/wp-content\/uploads\/2022\/01\/camera-4613669_1920-1536x1024.jpg 1536w, https:\/\/www.pfingstkirche-villach.at\/wp-content\/uploads\/2022\/01\/camera-4613669_1920.jpg 1920w\" sizes=\"(max-width: 768px) 100vw, 768px\" \/>\t\t\t\t\t\t\t\t\t\t\t\t\t\t\t<\/div>\n\t\t\t\t<\/div>\n\t\t\t\t<div class=\"elementor-element elementor-element-db7ba90 elementor-widget elementor-widget-heading\" data-id=\"db7ba90\" data-element_type=\"widget\" data-e-type=\"widget\" data-widget_type=\"heading.default\">\n\t\t\t\t<div class=\"elementor-widget-container\">\n\t\t\t\t\t<h2 class=\"elementor-heading-title elementor-size-default\">Imagini<\/h2>\t\t\t\t<\/div>\n\t\t\t\t<\/div>\n\t\t\t\t<div class=\"elementor-element elementor-element-53c5ed9 elementor-widget elementor-widget-eael-creative-button\" data-id=\"53c5ed9\" data-element_type=\"widget\" data-e-type=\"widget\" data-widget_type=\"eael-creative-button.default\">\n\t\t\t\t<div class=\"elementor-widget-container\">\n\t\t\t\t\t        <div class=\"eael-creative-button-wrapper\">\n\n            <a class=\"eael-creative-button eael-creative-button--default eael-cb-icon-position-\" href=\"https:\/\/www.pfingstkirche-villach.at\/ro\/?page_id=912\" data-text=\"Go!\">\n            \t    \n                <div class=\"creative-button-inner\">\n\n                    \n                    <span class=\"cretive-button-text\">Mai departe<\/span>\n\n                                    <\/div>\n\t                        <\/a>\n        <\/div>\n        \t\t\t\t<\/div>\n\t\t\t\t<\/div>\n\t\t\t\t\t<\/div>\n\t\t<\/div>\n\t\t\t\t<div class=\"elementor-column elementor-col-33 elementor-top-column elementor-element elementor-element-79c632b\" data-id=\"79c632b\" data-element_type=\"column\" data-e-type=\"column\">\n\t\t\t<div class=\"elementor-widget-wrap elementor-element-populated\">\n\t\t\t\t\t\t<div class=\"elementor-element elementor-element-eb896c7 elementor-widget elementor-widget-image\" data-id=\"eb896c7\" data-element_type=\"widget\" data-e-type=\"widget\" data-widget_type=\"image.default\">\n\t\t\t\t<div class=\"elementor-widget-container\">\n\t\t\t\t\t\t\t\t\t\t\t\t\t\t\t<img decoding=\"async\" width=\"768\" height=\"512\" src=\"https:\/\/www.pfingstkirche-villach.at\/wp-content\/uploads\/2022\/01\/technology-2608867_1920-768x512.jpg\" class=\"attachment-medium_large size-medium_large wp-image-904\" alt=\"\" srcset=\"https:\/\/www.pfingstkirche-villach.at\/wp-content\/uploads\/2022\/01\/technology-2608867_1920-768x512.jpg 768w, https:\/\/www.pfingstkirche-villach.at\/wp-content\/uploads\/2022\/01\/technology-2608867_1920-300x200.jpg 300w, https:\/\/www.pfingstkirche-villach.at\/wp-content\/uploads\/2022\/01\/technology-2608867_1920-1024x682.jpg 1024w, https:\/\/www.pfingstkirche-villach.at\/wp-content\/uploads\/2022\/01\/technology-2608867_1920-1536x1023.jpg 1536w, https:\/\/www.pfingstkirche-villach.at\/wp-content\/uploads\/2022\/01\/technology-2608867_1920.jpg 1920w\" sizes=\"(max-width: 768px) 100vw, 768px\" \/>\t\t\t\t\t\t\t\t\t\t\t\t\t\t\t<\/div>\n\t\t\t\t<\/div>\n\t\t\t\t<div class=\"elementor-element elementor-element-d349953 elementor-widget elementor-widget-heading\" data-id=\"d349953\" data-element_type=\"widget\" data-e-type=\"widget\" data-widget_type=\"heading.default\">\n\t\t\t\t<div class=\"elementor-widget-container\">\n\t\t\t\t\t<h2 class=\"elementor-heading-title elementor-size-default\">Videoclipuri<\/h2>\t\t\t\t<\/div>\n\t\t\t\t<\/div>\n\t\t\t\t<div class=\"elementor-element elementor-element-588bd13 elementor-widget elementor-widget-eael-creative-button\" data-id=\"588bd13\" data-element_type=\"widget\" data-e-type=\"widget\" data-widget_type=\"eael-creative-button.default\">\n\t\t\t\t<div class=\"elementor-widget-container\">\n\t\t\t\t\t        <div class=\"eael-creative-button-wrapper\">\n\n            <a class=\"eael-creative-button eael-creative-button--default eael-cb-icon-position-\" href=\"#\" data-text=\"Go!\">\n            \t    \n                <div class=\"creative-button-inner\">\n\n                    \n                    <span class=\"cretive-button-text\">Mai departe<\/span>\n\n                                    <\/div>\n\t                        <\/a>\n        <\/div>\n        \t\t\t\t<\/div>\n\t\t\t\t<\/div>\n\t\t\t\t\t<\/div>\n\t\t<\/div>\n\t\t\t\t<div class=\"elementor-column elementor-col-33 elementor-top-column elementor-element elementor-element-1eadd58\" data-id=\"1eadd58\" data-element_type=\"column\" data-e-type=\"column\">\n\t\t\t<div class=\"elementor-widget-wrap elementor-element-populated\">\n\t\t\t\t\t\t<div class=\"elementor-element elementor-element-19f3a99 elementor-widget elementor-widget-image\" data-id=\"19f3a99\" data-element_type=\"widget\" data-e-type=\"widget\" data-widget_type=\"image.default\">\n\t\t\t\t<div class=\"elementor-widget-container\">\n\t\t\t\t\t\t\t\t\t\t\t\t\t\t\t<img decoding=\"async\" width=\"768\" height=\"512\" src=\"https:\/\/www.pfingstkirche-villach.at\/wp-content\/uploads\/2022\/01\/audio-2941753_1920-768x512.jpg\" class=\"attachment-medium_large size-medium_large wp-image-902\" alt=\"\" srcset=\"https:\/\/www.pfingstkirche-villach.at\/wp-content\/uploads\/2022\/01\/audio-2941753_1920-768x512.jpg 768w, https:\/\/www.pfingstkirche-villach.at\/wp-content\/uploads\/2022\/01\/audio-2941753_1920-300x200.jpg 300w, https:\/\/www.pfingstkirche-villach.at\/wp-content\/uploads\/2022\/01\/audio-2941753_1920-1024x683.jpg 1024w, https:\/\/www.pfingstkirche-villach.at\/wp-content\/uploads\/2022\/01\/audio-2941753_1920-1536x1024.jpg 1536w, https:\/\/www.pfingstkirche-villach.at\/wp-content\/uploads\/2022\/01\/audio-2941753_1920.jpg 1920w\" sizes=\"(max-width: 768px) 100vw, 768px\" \/>\t\t\t\t\t\t\t\t\t\t\t\t\t\t\t<\/div>\n\t\t\t\t<\/div>\n\t\t\t\t<div class=\"elementor-element elementor-element-cdb4bef elementor-widget elementor-widget-heading\" data-id=\"cdb4bef\" data-element_type=\"widget\" data-e-type=\"widget\" data-widget_type=\"heading.default\">\n\t\t\t\t<div class=\"elementor-widget-container\">\n\t\t\t\t\t<h2 class=\"elementor-heading-title elementor-size-default\">\u00cenregistr\u0103ri<\/h2>\t\t\t\t<\/div>\n\t\t\t\t<\/div>\n\t\t\t\t<div class=\"elementor-element elementor-element-7c7cd1c elementor-widget elementor-widget-eael-creative-button\" data-id=\"7c7cd1c\" data-element_type=\"widget\" data-e-type=\"widget\" data-widget_type=\"eael-creative-button.default\">\n\t\t\t\t<div class=\"elementor-widget-container\">\n\t\t\t\t\t        <div class=\"eael-creative-button-wrapper\">\n\n            <a class=\"eael-creative-button eael-creative-button--default eael-cb-icon-position-\" href=\"#\" data-text=\"Go!\">\n            \t    \n                <div class=\"creative-button-inner\">\n\n                    \n                    <span class=\"cretive-button-text\">Mai departe<\/span>\n\n                                    <\/div>\n\t                        <\/a>\n        <\/div>\n        \t\t\t\t<\/div>\n\t\t\t\t<\/div>\n\t\t\t\t\t<\/div>\n\t\t<\/div>\n\t\t\t\t\t<\/div>\n\t\t<\/section>\n\t\t\t\t<section class=\"elementor-section elementor-top-section elementor-element elementor-element-24889e7 elementor-section-boxed elementor-section-height-default elementor-section-height-default\" data-id=\"24889e7\" data-element_type=\"section\" data-e-type=\"section\">\n\t\t\t\t\t\t<div class=\"elementor-container elementor-column-gap-default\">\n\t\t\t\t\t<div class=\"elementor-column elementor-col-100 elementor-top-column elementor-element elementor-element-8df27e0\" data-id=\"8df27e0\" data-element_type=\"column\" data-e-type=\"column\">\n\t\t\t<div class=\"elementor-widget-wrap elementor-element-populated\">\n\t\t\t\t\t\t<div class=\"elementor-element elementor-element-2a8ff42 elementor-widget elementor-widget-spacer\" data-id=\"2a8ff42\" data-element_type=\"widget\" data-e-type=\"widget\" data-widget_type=\"spacer.default\">\n\t\t\t\t<div class=\"elementor-widget-container\">\n\t\t\t\t\t\t\t<div class=\"elementor-spacer\">\n\t\t\t<div class=\"elementor-spacer-inner\"><\/div>\n\t\t<\/div>\n\t\t\t\t\t\t<\/div>\n\t\t\t\t<\/div>\n\t\t\t\t\t<\/div>\n\t\t<\/div>\n\t\t\t\t\t<\/div>\n\t\t<\/section>\n\t\t\t\t<\/div>","protected":false},"excerpt":{"rendered":"<p>Galerie Bilder Mehr dazu Videos Mehr dazu Vortr\u00e4ge Mehr dazu<\/p>","protected":false},"author":1,"featured_media":0,"parent":0,"menu_order":0,"comment_status":"closed","ping_status":"closed","template":"","meta":{"_uag_custom_page_level_css":"","site-sidebar-layout":"no-sidebar","site-content-layout":"page-builder","ast-main-header-display":"","ast-hfb-above-header-display":"","ast-hfb-below-header-display":"","ast-hfb-mobile-header-display":"","site-post-title":"disabled","ast-breadcrumbs-content":"disabled","ast-featured-img":"disabled","footer-sml-layout":"","theme-transparent-header-meta":"enabled","adv-header-id-meta":"","stick-header-meta":"","header-above-stick-meta":"","header-main-stick-meta":"","header-below-stick-meta":"","footnotes":""},"class_list":["post-16","page","type-page","status-publish","hentry"],"yoast_head":"<!-- This site is optimized with the Yoast SEO plugin v27.4 - https:\/\/yoast.com\/product\/yoast-seo-wordpress\/ -->\n<title>Services - Rum\u00e4nische Pfingstkirche Villach<\/title>\n<meta name=\"description\" content=\"Biserica Rom\u00e2n\u0103 Penticostal\u0103 Villach \u2013 rum\u00e4nische Pfingstkirche in Villach. Gottesdienste, Gemeinschaft, Predigten und Veranstaltungen. To\u021bi sunt bineveni\u021bi.\" \/>\n<meta name=\"robots\" content=\"index, follow, max-snippet:-1, max-image-preview:large, max-video-preview:-1\" \/>\n<link rel=\"canonical\" href=\"https:\/\/www.pfingstkirche-villach.at\/ro\/services\/\" \/>\n<meta property=\"og:locale\" content=\"ro_RO\" \/>\n<meta property=\"og:type\" content=\"article\" \/>\n<meta property=\"og:title\" content=\"Services - Rum\u00e4nische Pfingstkirche Villach\" \/>\n<meta property=\"og:description\" content=\"Biserica Rom\u00e2n\u0103 Penticostal\u0103 Villach \u2013 rum\u00e4nische Pfingstkirche in Villach. Gottesdienste, Gemeinschaft, Predigten und Veranstaltungen. To\u021bi sunt bineveni\u021bi.\" \/>\n<meta property=\"og:url\" content=\"https:\/\/www.pfingstkirche-villach.at\/ro\/services\/\" \/>\n<meta property=\"og:site_name\" content=\"Rum\u00e4nische Pfingstkirche Villach\" \/>\n<meta property=\"article:publisher\" content=\"https:\/\/www.facebook.com\/profile.php?id=100073406307603\" \/>\n<meta property=\"article:modified_time\" content=\"2024-02-28T10:13:28+00:00\" \/>\n<meta property=\"og:image\" content=\"https:\/\/www.pfingstkirche-villach.at\/wp-content\/uploads\/2022\/01\/camera-4613669_1920-768x512.jpg\" \/>\n<meta name=\"twitter:card\" content=\"summary_large_image\" \/>\n<script type=\"application\/ld+json\" class=\"yoast-schema-graph\">{\"@context\":\"https:\\\/\\\/schema.org\",\"@graph\":[{\"@type\":\"WebPage\",\"@id\":\"https:\\\/\\\/www.pfingstkirche-villach.at\\\/services\\\/\",\"url\":\"https:\\\/\\\/www.pfingstkirche-villach.at\\\/services\\\/\",\"name\":\"Services - Rum\u00e4nische Pfingstkirche Villach\",\"isPartOf\":{\"@id\":\"https:\\\/\\\/www.pfingstkirche-villach.at\\\/#website\"},\"primaryImageOfPage\":{\"@id\":\"https:\\\/\\\/www.pfingstkirche-villach.at\\\/services\\\/#primaryimage\"},\"image\":{\"@id\":\"https:\\\/\\\/www.pfingstkirche-villach.at\\\/services\\\/#primaryimage\"},\"thumbnailUrl\":\"https:\\\/\\\/www.pfingstkirche-villach.at\\\/wp-content\\\/uploads\\\/2022\\\/01\\\/camera-4613669_1920-768x512.jpg\",\"datePublished\":\"2020-07-20T08:47:45+00:00\",\"dateModified\":\"2024-02-28T10:13:28+00:00\",\"description\":\"Biserica Rom\u00e2n\u0103 Penticostal\u0103 Villach \u2013 rum\u00e4nische Pfingstkirche in Villach. Gottesdienste, Gemeinschaft, Predigten und Veranstaltungen. To\u021bi sunt bineveni\u021bi.\",\"breadcrumb\":{\"@id\":\"https:\\\/\\\/www.pfingstkirche-villach.at\\\/services\\\/#breadcrumb\"},\"inLanguage\":\"ro-RO\",\"potentialAction\":[{\"@type\":\"ReadAction\",\"target\":[\"https:\\\/\\\/www.pfingstkirche-villach.at\\\/services\\\/\"]}]},{\"@type\":\"ImageObject\",\"inLanguage\":\"ro-RO\",\"@id\":\"https:\\\/\\\/www.pfingstkirche-villach.at\\\/services\\\/#primaryimage\",\"url\":\"https:\\\/\\\/www.pfingstkirche-villach.at\\\/wp-content\\\/uploads\\\/2022\\\/01\\\/camera-4613669_1920-768x512.jpg\",\"contentUrl\":\"https:\\\/\\\/www.pfingstkirche-villach.at\\\/wp-content\\\/uploads\\\/2022\\\/01\\\/camera-4613669_1920-768x512.jpg\"},{\"@type\":\"BreadcrumbList\",\"@id\":\"https:\\\/\\\/www.pfingstkirche-villach.at\\\/services\\\/#breadcrumb\",\"itemListElement\":[{\"@type\":\"ListItem\",\"position\":1,\"name\":\"Home\",\"item\":\"https:\\\/\\\/www.pfingstkirche-villach.at\\\/\"},{\"@type\":\"ListItem\",\"position\":2,\"name\":\"Services\"}]},{\"@type\":\"WebSite\",\"@id\":\"https:\\\/\\\/www.pfingstkirche-villach.at\\\/#website\",\"url\":\"https:\\\/\\\/www.pfingstkirche-villach.at\\\/\",\"name\":\"Pfingstkirche Villach\",\"description\":\"Biserica Rom\u00e2neasc\u0103 Villach\",\"publisher\":{\"@id\":\"https:\\\/\\\/www.pfingstkirche-villach.at\\\/#organization\"},\"alternateName\":\"Rum\u00e4nische Kirche Villach\",\"potentialAction\":[{\"@type\":\"SearchAction\",\"target\":{\"@type\":\"EntryPoint\",\"urlTemplate\":\"https:\\\/\\\/www.pfingstkirche-villach.at\\\/?s={search_term_string}\"},\"query-input\":{\"@type\":\"PropertyValueSpecification\",\"valueRequired\":true,\"valueName\":\"search_term_string\"}}],\"inLanguage\":\"ro-RO\"},{\"@type\":\"Organization\",\"@id\":\"https:\\\/\\\/www.pfingstkirche-villach.at\\\/#organization\",\"name\":\"Pfingstkirche Villach\",\"alternateName\":\"Kirche Gemeinde Gottes Villach\",\"url\":\"https:\\\/\\\/www.pfingstkirche-villach.at\\\/\",\"logo\":{\"@type\":\"ImageObject\",\"inLanguage\":\"ro-RO\",\"@id\":\"https:\\\/\\\/www.pfingstkirche-villach.at\\\/#\\\/schema\\\/logo\\\/image\\\/\",\"url\":\"https:\\\/\\\/www.pfingstkirche-villach.at\\\/wp-content\\\/uploads\\\/2024\\\/02\\\/cropped-LogoPKVillach-removebg-preview.png\",\"contentUrl\":\"https:\\\/\\\/www.pfingstkirche-villach.at\\\/wp-content\\\/uploads\\\/2024\\\/02\\\/cropped-LogoPKVillach-removebg-preview.png\",\"width\":505,\"height\":493,\"caption\":\"Pfingstkirche Villach\"},\"image\":{\"@id\":\"https:\\\/\\\/www.pfingstkirche-villach.at\\\/#\\\/schema\\\/logo\\\/image\\\/\"},\"sameAs\":[\"https:\\\/\\\/www.facebook.com\\\/profile.php?id=100073406307603\"]}]}<\/script>\n<!-- \/ Yoast SEO plugin. -->","yoast_head_json":{"title":"Services - Rum\u00e4nische Pfingstkirche Villach","description":"Biserica Rom\u00e2n\u0103 Penticostal\u0103 Villach \u2013 rum\u00e4nische Pfingstkirche in Villach. Gottesdienste, Gemeinschaft, Predigten und Veranstaltungen. To\u021bi sunt bineveni\u021bi.","robots":{"index":"index","follow":"follow","max-snippet":"max-snippet:-1","max-image-preview":"max-image-preview:large","max-video-preview":"max-video-preview:-1"},"canonical":"https:\/\/www.pfingstkirche-villach.at\/ro\/services\/","og_locale":"ro_RO","og_type":"article","og_title":"Services - Rum\u00e4nische Pfingstkirche Villach","og_description":"Biserica Rom\u00e2n\u0103 Penticostal\u0103 Villach \u2013 rum\u00e4nische Pfingstkirche in Villach. Gottesdienste, Gemeinschaft, Predigten und Veranstaltungen. To\u021bi sunt bineveni\u021bi.","og_url":"https:\/\/www.pfingstkirche-villach.at\/ro\/services\/","og_site_name":"Rum\u00e4nische Pfingstkirche Villach","article_publisher":"https:\/\/www.facebook.com\/profile.php?id=100073406307603","article_modified_time":"2024-02-28T10:13:28+00:00","og_image":[{"url":"https:\/\/www.pfingstkirche-villach.at\/wp-content\/uploads\/2022\/01\/camera-4613669_1920-768x512.jpg","type":"","width":"","height":""}],"twitter_card":"summary_large_image","schema":{"@context":"https:\/\/schema.org","@graph":[{"@type":"WebPage","@id":"https:\/\/www.pfingstkirche-villach.at\/services\/","url":"https:\/\/www.pfingstkirche-villach.at\/services\/","name":"Services - Rum\u00e4nische Pfingstkirche Villach","isPartOf":{"@id":"https:\/\/www.pfingstkirche-villach.at\/#website"},"primaryImageOfPage":{"@id":"https:\/\/www.pfingstkirche-villach.at\/services\/#primaryimage"},"image":{"@id":"https:\/\/www.pfingstkirche-villach.at\/services\/#primaryimage"},"thumbnailUrl":"https:\/\/www.pfingstkirche-villach.at\/wp-content\/uploads\/2022\/01\/camera-4613669_1920-768x512.jpg","datePublished":"2020-07-20T08:47:45+00:00","dateModified":"2024-02-28T10:13:28+00:00","description":"Biserica Rom\u00e2n\u0103 Penticostal\u0103 Villach \u2013 rum\u00e4nische Pfingstkirche in Villach. Gottesdienste, Gemeinschaft, Predigten und Veranstaltungen. To\u021bi sunt bineveni\u021bi.","breadcrumb":{"@id":"https:\/\/www.pfingstkirche-villach.at\/services\/#breadcrumb"},"inLanguage":"ro-RO","potentialAction":[{"@type":"ReadAction","target":["https:\/\/www.pfingstkirche-villach.at\/services\/"]}]},{"@type":"ImageObject","inLanguage":"ro-RO","@id":"https:\/\/www.pfingstkirche-villach.at\/services\/#primaryimage","url":"https:\/\/www.pfingstkirche-villach.at\/wp-content\/uploads\/2022\/01\/camera-4613669_1920-768x512.jpg","contentUrl":"https:\/\/www.pfingstkirche-villach.at\/wp-content\/uploads\/2022\/01\/camera-4613669_1920-768x512.jpg"},{"@type":"BreadcrumbList","@id":"https:\/\/www.pfingstkirche-villach.at\/services\/#breadcrumb","itemListElement":[{"@type":"ListItem","position":1,"name":"Home","item":"https:\/\/www.pfingstkirche-villach.at\/"},{"@type":"ListItem","position":2,"name":"Services"}]},{"@type":"WebSite","@id":"https:\/\/www.pfingstkirche-villach.at\/#website","url":"https:\/\/www.pfingstkirche-villach.at\/","name":"Biserica Penticostal\u0103 Villach","description":"Biserica Rom\u00e2neasc\u0103 Villach","publisher":{"@id":"https:\/\/www.pfingstkirche-villach.at\/#organization"},"alternateName":"Rum\u00e4nische Kirche Villach","potentialAction":[{"@type":"SearchAction","target":{"@type":"EntryPoint","urlTemplate":"https:\/\/www.pfingstkirche-villach.at\/?s={search_term_string}"},"query-input":{"@type":"PropertyValueSpecification","valueRequired":true,"valueName":"search_term_string"}}],"inLanguage":"ro-RO"},{"@type":"Organization","@id":"https:\/\/www.pfingstkirche-villach.at\/#organization","name":"Biserica Penticostal\u0103 Villach","alternateName":"Kirche Gemeinde Gottes Villach","url":"https:\/\/www.pfingstkirche-villach.at\/","logo":{"@type":"ImageObject","inLanguage":"ro-RO","@id":"https:\/\/www.pfingstkirche-villach.at\/#\/schema\/logo\/image\/","url":"https:\/\/www.pfingstkirche-villach.at\/wp-content\/uploads\/2024\/02\/cropped-LogoPKVillach-removebg-preview.png","contentUrl":"https:\/\/www.pfingstkirche-villach.at\/wp-content\/uploads\/2024\/02\/cropped-LogoPKVillach-removebg-preview.png","width":505,"height":493,"caption":"Pfingstkirche Villach"},"image":{"@id":"https:\/\/www.pfingstkirche-villach.at\/#\/schema\/logo\/image\/"},"sameAs":["https:\/\/www.facebook.com\/profile.php?id=100073406307603"]}]}},"uagb_featured_image_src":{"full":false,"thumbnail":false,"medium":false,"medium_large":false,"large":false,"1536x1536":false,"2048x2048":false,"trp-custom-language-flag":false},"uagb_author_info":{"display_name":"Pfingstkirche Villach","author_link":"https:\/\/www.pfingstkirche-villach.at\/ro\/author\/admin\/"},"uagb_comment_info":0,"uagb_excerpt":"Galerie Bilder Mehr dazu Videos Mehr dazu Vortr\u00e4ge Mehr dazu","_links":{"self":[{"href":"https:\/\/www.pfingstkirche-villach.at\/ro\/wp-json\/wp\/v2\/pages\/16","targetHints":{"allow":["GET"]}}],"collection":[{"href":"https:\/\/www.pfingstkirche-villach.at\/ro\/wp-json\/wp\/v2\/pages"}],"about":[{"href":"https:\/\/www.pfingstkirche-villach.at\/ro\/wp-json\/wp\/v2\/types\/page"}],"author":[{"embeddable":true,"href":"https:\/\/www.pfingstkirche-villach.at\/ro\/wp-json\/wp\/v2\/users\/1"}],"replies":[{"embeddable":true,"href":"https:\/\/www.pfingstkirche-villach.at\/ro\/wp-json\/wp\/v2\/comments?post=16"}],"version-history":[{"count":33,"href":"https:\/\/www.pfingstkirche-villach.at\/ro\/wp-json\/wp\/v2\/pages\/16\/revisions"}],"predecessor-version":[{"id":1228,"href":"https:\/\/www.pfingstkirche-villach.at\/ro\/wp-json\/wp\/v2\/pages\/16\/revisions\/1228"}],"wp:attachment":[{"href":"https:\/\/www.pfingstkirche-villach.at\/ro\/wp-json\/wp\/v2\/media?parent=16"}],"curies":[{"name":"wp","href":"https:\/\/api.w.org\/{rel}","templated":true}]}}