{"id":735,"date":"2022-01-13T15:29:58","date_gmt":"2022-01-13T15:29:58","guid":{"rendered":"https:\/\/www.pfingstkirche-radenthein.at\/?page_id=735"},"modified":"2024-03-05T10:29:29","modified_gmt":"2024-03-05T10:29:29","slug":"impressum","status":"publish","type":"page","link":"https:\/\/www.pfingstkirche-villach.at\/ro\/impressum\/","title":{"rendered":"Impressum"},"content":{"rendered":"<div data-elementor-type=\"wp-page\" data-elementor-id=\"735\" class=\"elementor elementor-735\">\n\t\t\t\t\t\t<section class=\"elementor-section elementor-top-section elementor-element elementor-element-7c2e2899 elementor-section-boxed elementor-section-height-default elementor-section-height-default\" data-id=\"7c2e2899\" data-element_type=\"section\" data-e-type=\"section\">\n\t\t\t\t\t\t<div class=\"elementor-container elementor-column-gap-default\">\n\t\t\t\t\t<div class=\"elementor-column elementor-col-100 elementor-top-column elementor-element elementor-element-7eef3cb6\" data-id=\"7eef3cb6\" data-element_type=\"column\" data-e-type=\"column\">\n\t\t\t<div class=\"elementor-widget-wrap elementor-element-populated\">\n\t\t\t\t\t\t<div class=\"elementor-element elementor-element-3e25584b elementor-widget elementor-widget-text-editor\" data-id=\"3e25584b\" data-element_type=\"widget\" data-e-type=\"widget\" data-widget_type=\"text-editor.default\">\n\t\t\t\t<div class=\"elementor-widget-container\">\n\t\t\t\t\t\t\t\t\t\n<h5 class=\"wp-block-heading\"><strong>Biserica Penticostal\u0103 Villach<\/strong><\/h5>\n\n<p>Staatlich eingetragene religi\u00f6se Bekenntnisgemeinschaft<\/p>\n\n<h5 class=\"wp-block-heading\">Herausgeber<\/h5>\n\n<p>Biserica Penticostal\u0103 Villach<br \/>Werner-Kofler-Strasse 9<br \/>9500 Villach<br \/>\u00d6sterreich<\/p>\n\n<h5 class=\"wp-block-heading\">Layout und Programmierung<\/h5>\n\n<p>Raffael Gavrila<\/p>\n\n<h5 class=\"wp-block-heading\">F\u00fcr den Inhalt verantwortlich<\/h5>\n\n<p>PFINGSTKIRCHE Villach<br \/>pfingstkirche.villach@gmail.com<\/p>\n\t\t\t\t\t\t\t\t<\/div>\n\t\t\t\t<\/div>\n\t\t\t\t\t<\/div>\n\t\t<\/div>\n\t\t\t\t\t<\/div>\n\t\t<\/section>\n\t\t\t\t<\/div>","protected":false},"excerpt":{"rendered":"<p>Pfingstkirche Villach Staatlich eingetragene religi\u00f6se Bekenntnisgemeinschaft Herausgeber Pfingstkirche VillachWerner-Kofler-Strasse 99500 Villach\u00d6sterreich Layout und Programmierung Raffael Gavrila F\u00fcr den Inhalt verantwortlich PFINGSTKIRCHE Villachpfingstkirche.villach@gmail.com<\/p>","protected":false},"author":1,"featured_media":0,"parent":0,"menu_order":0,"comment_status":"closed","ping_status":"closed","template":"","meta":{"_uag_custom_page_level_css":"","site-sidebar-layout":"","site-content-layout":"","ast-main-header-display":"","ast-hfb-above-header-display":"","ast-hfb-below-header-display":"","ast-hfb-mobile-header-display":"","site-post-title":"","ast-breadcrumbs-content":"","ast-featured-img":"","footer-sml-layout":"","theme-transparent-header-meta":"","adv-header-id-meta":"","stick-header-meta":"","header-above-stick-meta":"","header-main-stick-meta":"","header-below-stick-meta":"","footnotes":""},"class_list":["post-735","page","type-page","status-publish","hentry"],"yoast_head":"<!-- This site is optimized with the Yoast SEO plugin v27.4 - https:\/\/yoast.com\/product\/yoast-seo-wordpress\/ -->\n<title>Impressum - Rum\u00e4nische Pfingstkirche Villach<\/title>\n<meta name=\"description\" content=\"Biserica Rom\u00e2n\u0103 Penticostal\u0103 Villach \u2013 rum\u00e4nische Pfingstkirche in Villach. Gottesdienste, Gemeinschaft, Predigten und Veranstaltungen. To\u021bi sunt bineveni\u021bi.\" \/>\n<meta name=\"robots\" content=\"index, follow, max-snippet:-1, max-image-preview:large, max-video-preview:-1\" \/>\n<link rel=\"canonical\" href=\"https:\/\/www.pfingstkirche-villach.at\/ro\/impressum\/\" \/>\n<meta property=\"og:locale\" content=\"ro_RO\" \/>\n<meta property=\"og:type\" content=\"article\" \/>\n<meta property=\"og:title\" content=\"Impressum - Rum\u00e4nische Pfingstkirche Villach\" \/>\n<meta property=\"og:description\" content=\"Biserica Rom\u00e2n\u0103 Penticostal\u0103 Villach \u2013 rum\u00e4nische Pfingstkirche in Villach. Gottesdienste, Gemeinschaft, Predigten und Veranstaltungen. To\u021bi sunt bineveni\u021bi.\" \/>\n<meta property=\"og:url\" content=\"https:\/\/www.pfingstkirche-villach.at\/ro\/impressum\/\" \/>\n<meta property=\"og:site_name\" content=\"Rum\u00e4nische Pfingstkirche Villach\" \/>\n<meta property=\"article:publisher\" content=\"https:\/\/www.facebook.com\/profile.php?id=100073406307603\" \/>\n<meta property=\"article:modified_time\" content=\"2024-03-05T10:29:29+00:00\" \/>\n<meta name=\"twitter:card\" content=\"summary_large_image\" \/>\n<script type=\"application\/ld+json\" class=\"yoast-schema-graph\">{\"@context\":\"https:\\\/\\\/schema.org\",\"@graph\":[{\"@type\":\"WebPage\",\"@id\":\"https:\\\/\\\/www.pfingstkirche-villach.at\\\/impressum\\\/\",\"url\":\"https:\\\/\\\/www.pfingstkirche-villach.at\\\/impressum\\\/\",\"name\":\"Impressum - Rum\u00e4nische Pfingstkirche Villach\",\"isPartOf\":{\"@id\":\"https:\\\/\\\/www.pfingstkirche-villach.at\\\/#website\"},\"datePublished\":\"2022-01-13T15:29:58+00:00\",\"dateModified\":\"2024-03-05T10:29:29+00:00\",\"description\":\"Biserica Rom\u00e2n\u0103 Penticostal\u0103 Villach \u2013 rum\u00e4nische Pfingstkirche in Villach. Gottesdienste, Gemeinschaft, Predigten und Veranstaltungen. To\u021bi sunt bineveni\u021bi.\",\"breadcrumb\":{\"@id\":\"https:\\\/\\\/www.pfingstkirche-villach.at\\\/impressum\\\/#breadcrumb\"},\"inLanguage\":\"ro-RO\",\"potentialAction\":[{\"@type\":\"ReadAction\",\"target\":[\"https:\\\/\\\/www.pfingstkirche-villach.at\\\/impressum\\\/\"]}]},{\"@type\":\"BreadcrumbList\",\"@id\":\"https:\\\/\\\/www.pfingstkirche-villach.at\\\/impressum\\\/#breadcrumb\",\"itemListElement\":[{\"@type\":\"ListItem\",\"position\":1,\"name\":\"Home\",\"item\":\"https:\\\/\\\/www.pfingstkirche-villach.at\\\/\"},{\"@type\":\"ListItem\",\"position\":2,\"name\":\"Impressum\"}]},{\"@type\":\"WebSite\",\"@id\":\"https:\\\/\\\/www.pfingstkirche-villach.at\\\/#website\",\"url\":\"https:\\\/\\\/www.pfingstkirche-villach.at\\\/\",\"name\":\"Pfingstkirche Villach\",\"description\":\"Biserica Rom\u00e2neasc\u0103 Villach\",\"publisher\":{\"@id\":\"https:\\\/\\\/www.pfingstkirche-villach.at\\\/#organization\"},\"alternateName\":\"Rum\u00e4nische Kirche Villach\",\"potentialAction\":[{\"@type\":\"SearchAction\",\"target\":{\"@type\":\"EntryPoint\",\"urlTemplate\":\"https:\\\/\\\/www.pfingstkirche-villach.at\\\/?s={search_term_string}\"},\"query-input\":{\"@type\":\"PropertyValueSpecification\",\"valueRequired\":true,\"valueName\":\"search_term_string\"}}],\"inLanguage\":\"ro-RO\"},{\"@type\":\"Organization\",\"@id\":\"https:\\\/\\\/www.pfingstkirche-villach.at\\\/#organization\",\"name\":\"Pfingstkirche Villach\",\"alternateName\":\"Kirche Gemeinde Gottes Villach\",\"url\":\"https:\\\/\\\/www.pfingstkirche-villach.at\\\/\",\"logo\":{\"@type\":\"ImageObject\",\"inLanguage\":\"ro-RO\",\"@id\":\"https:\\\/\\\/www.pfingstkirche-villach.at\\\/#\\\/schema\\\/logo\\\/image\\\/\",\"url\":\"https:\\\/\\\/www.pfingstkirche-villach.at\\\/wp-content\\\/uploads\\\/2024\\\/02\\\/cropped-LogoPKVillach-removebg-preview.png\",\"contentUrl\":\"https:\\\/\\\/www.pfingstkirche-villach.at\\\/wp-content\\\/uploads\\\/2024\\\/02\\\/cropped-LogoPKVillach-removebg-preview.png\",\"width\":505,\"height\":493,\"caption\":\"Pfingstkirche Villach\"},\"image\":{\"@id\":\"https:\\\/\\\/www.pfingstkirche-villach.at\\\/#\\\/schema\\\/logo\\\/image\\\/\"},\"sameAs\":[\"https:\\\/\\\/www.facebook.com\\\/profile.php?id=100073406307603\"]}]}<\/script>\n<!-- \/ Yoast SEO plugin. -->","yoast_head_json":{"title":"Impressum - Rum\u00e4nische Pfingstkirche Villach","description":"Biserica Rom\u00e2n\u0103 Penticostal\u0103 Villach \u2013 rum\u00e4nische Pfingstkirche in Villach. Gottesdienste, Gemeinschaft, Predigten und Veranstaltungen. To\u021bi sunt bineveni\u021bi.","robots":{"index":"index","follow":"follow","max-snippet":"max-snippet:-1","max-image-preview":"max-image-preview:large","max-video-preview":"max-video-preview:-1"},"canonical":"https:\/\/www.pfingstkirche-villach.at\/ro\/impressum\/","og_locale":"ro_RO","og_type":"article","og_title":"Impressum - Rum\u00e4nische Pfingstkirche Villach","og_description":"Biserica Rom\u00e2n\u0103 Penticostal\u0103 Villach \u2013 rum\u00e4nische Pfingstkirche in Villach. Gottesdienste, Gemeinschaft, Predigten und Veranstaltungen. To\u021bi sunt bineveni\u021bi.","og_url":"https:\/\/www.pfingstkirche-villach.at\/ro\/impressum\/","og_site_name":"Rum\u00e4nische Pfingstkirche Villach","article_publisher":"https:\/\/www.facebook.com\/profile.php?id=100073406307603","article_modified_time":"2024-03-05T10:29:29+00:00","twitter_card":"summary_large_image","schema":{"@context":"https:\/\/schema.org","@graph":[{"@type":"WebPage","@id":"https:\/\/www.pfingstkirche-villach.at\/impressum\/","url":"https:\/\/www.pfingstkirche-villach.at\/impressum\/","name":"Impressum - Rum\u00e4nische Pfingstkirche Villach","isPartOf":{"@id":"https:\/\/www.pfingstkirche-villach.at\/#website"},"datePublished":"2022-01-13T15:29:58+00:00","dateModified":"2024-03-05T10:29:29+00:00","description":"Biserica Rom\u00e2n\u0103 Penticostal\u0103 Villach \u2013 rum\u00e4nische Pfingstkirche in Villach. Gottesdienste, Gemeinschaft, Predigten und Veranstaltungen. To\u021bi sunt bineveni\u021bi.","breadcrumb":{"@id":"https:\/\/www.pfingstkirche-villach.at\/impressum\/#breadcrumb"},"inLanguage":"ro-RO","potentialAction":[{"@type":"ReadAction","target":["https:\/\/www.pfingstkirche-villach.at\/impressum\/"]}]},{"@type":"BreadcrumbList","@id":"https:\/\/www.pfingstkirche-villach.at\/impressum\/#breadcrumb","itemListElement":[{"@type":"ListItem","position":1,"name":"Home","item":"https:\/\/www.pfingstkirche-villach.at\/"},{"@type":"ListItem","position":2,"name":"Impressum"}]},{"@type":"WebSite","@id":"https:\/\/www.pfingstkirche-villach.at\/#website","url":"https:\/\/www.pfingstkirche-villach.at\/","name":"Biserica Penticostal\u0103 Villach","description":"Biserica Rom\u00e2neasc\u0103 Villach","publisher":{"@id":"https:\/\/www.pfingstkirche-villach.at\/#organization"},"alternateName":"Rum\u00e4nische Kirche Villach","potentialAction":[{"@type":"SearchAction","target":{"@type":"EntryPoint","urlTemplate":"https:\/\/www.pfingstkirche-villach.at\/?s={search_term_string}"},"query-input":{"@type":"PropertyValueSpecification","valueRequired":true,"valueName":"search_term_string"}}],"inLanguage":"ro-RO"},{"@type":"Organization","@id":"https:\/\/www.pfingstkirche-villach.at\/#organization","name":"Biserica Penticostal\u0103 Villach","alternateName":"Kirche Gemeinde Gottes Villach","url":"https:\/\/www.pfingstkirche-villach.at\/","logo":{"@type":"ImageObject","inLanguage":"ro-RO","@id":"https:\/\/www.pfingstkirche-villach.at\/#\/schema\/logo\/image\/","url":"https:\/\/www.pfingstkirche-villach.at\/wp-content\/uploads\/2024\/02\/cropped-LogoPKVillach-removebg-preview.png","contentUrl":"https:\/\/www.pfingstkirche-villach.at\/wp-content\/uploads\/2024\/02\/cropped-LogoPKVillach-removebg-preview.png","width":505,"height":493,"caption":"Pfingstkirche Villach"},"image":{"@id":"https:\/\/www.pfingstkirche-villach.at\/#\/schema\/logo\/image\/"},"sameAs":["https:\/\/www.facebook.com\/profile.php?id=100073406307603"]}]}},"uagb_featured_image_src":{"full":false,"thumbnail":false,"medium":false,"medium_large":false,"large":false,"1536x1536":false,"2048x2048":false,"trp-custom-language-flag":false},"uagb_author_info":{"display_name":"Pfingstkirche Villach","author_link":"https:\/\/www.pfingstkirche-villach.at\/ro\/author\/admin\/"},"uagb_comment_info":0,"uagb_excerpt":"Pfingstkirche Villach Staatlich eingetragene religi\u00f6se Bekenntnisgemeinschaft Herausgeber Pfingstkirche VillachWerner-Kofler-Strasse 99500 Villach\u00d6sterreich Layout und Programmierung Raffael Gavrila F\u00fcr den Inhalt verantwortlich PFINGSTKIRCHE Villachpfingstkirche.villach@gmail.com","_links":{"self":[{"href":"https:\/\/www.pfingstkirche-villach.at\/ro\/wp-json\/wp\/v2\/pages\/735","targetHints":{"allow":["GET"]}}],"collection":[{"href":"https:\/\/www.pfingstkirche-villach.at\/ro\/wp-json\/wp\/v2\/pages"}],"about":[{"href":"https:\/\/www.pfingstkirche-villach.at\/ro\/wp-json\/wp\/v2\/types\/page"}],"author":[{"embeddable":true,"href":"https:\/\/www.pfingstkirche-villach.at\/ro\/wp-json\/wp\/v2\/users\/1"}],"replies":[{"embeddable":true,"href":"https:\/\/www.pfingstkirche-villach.at\/ro\/wp-json\/wp\/v2\/comments?post=735"}],"version-history":[{"count":7,"href":"https:\/\/www.pfingstkirche-villach.at\/ro\/wp-json\/wp\/v2\/pages\/735\/revisions"}],"predecessor-version":[{"id":1279,"href":"https:\/\/www.pfingstkirche-villach.at\/ro\/wp-json\/wp\/v2\/pages\/735\/revisions\/1279"}],"wp:attachment":[{"href":"https:\/\/www.pfingstkirche-villach.at\/ro\/wp-json\/wp\/v2\/media?parent=735"}],"curies":[{"name":"wp","href":"https:\/\/api.w.org\/{rel}","templated":true}]}}